{"id":2,"date":"2016-08-16T21:16:00","date_gmt":"2016-08-16T21:16:00","guid":{"rendered":"https:\/\/jmmasociados.com\/\/?page_id=2"},"modified":"2018-05-20T20:57:05","modified_gmt":"2018-05-20T20:57:05","slug":"sample-page","status":"publish","type":"page","link":"https:\/\/jmmasociados.com\/","title":{"rendered":"Inicio"},"content":{"rendered":"<div id=\"pl-2\"  class=\"panel-layout\" ><div id=\"pg-2-0\"  class=\"panel-grid panel-has-style\" ><div class=\"siteorigin-panels-stretch panel-row-style panel-row-style-for-2-0\" style=\"padding: 100px 0; \" data-stretch-type=\"full\" data-overlay=\"true\" ><div id=\"pgc-2-0-0\"  class=\"panel-grid-cell\" ><div id=\"panel-2-0-0-0\" class=\"so-panel widget widget_sow-editor panel-first-child panel-last-child\" data-index=\"0\" ><div style=\"text-align: left;\" data-title-color=\"#443f3f\" data-headings-color=\"#443f3f\" class=\"panel-widget-style panel-widget-style-for-2-0-0-0\" ><div\n\t\t\t\n\t\t\tclass=\"so-widget-sow-editor so-widget-sow-editor-base\"\n\t\t\t\n\t\t>\n<div class=\"siteorigin-widget-tinymce textwidget\">\n\t<h1><span style=\"color: #21282f;\">Quienes Somos<\/span><\/h1>\n<strong>MISION<\/strong>\nSomos una firma de contadores, orientada a la peque\u00f1a y media empresa y especializada en auditor\u00edas, contabilidad, impuestos, asesor\u00eda financiera y planes de negocios, para empresas comerciales, industriales, de servicios y sin Fines de Lucro.<p>\n\n<\/p><p><strong>VISION<\/strong>\nSer una firma reconocida por su compromiso \u00e9tico, su alto grado de profesionalismos, su cumplimiento efectivo y su mejoramiento continuo de su trabajo\n\n<\/p><p><strong>VALORES<\/strong>\n* Etica Profesional.\n*Trabajo en equipo.\n*Cumplimiento efectivo.\n*Atenci\u00f3n Personalizada.\n*Transparencia.\n*Servicio extraordinario.\n*Mejora continua.\n*Tecnologia e Innovaci\u00f3n.\n*Flexibilidad Organizativa.<\/p><\/div>\n<\/div><\/div><\/div><\/div><div id=\"pgc-2-0-1\"  class=\"panel-grid-cell\" ><div id=\"panel-2-0-1-0\" class=\"so-panel widget widget_sow-button panel-first-child panel-last-child\" data-index=\"1\" ><div style=\"text-align: left;\" data-title-color=\"#443f3f\" data-headings-color=\"#443f3f\" class=\"panel-widget-style panel-widget-style-for-2-0-1-0\" ><div\n\t\t\t\n\t\t\tclass=\"so-widget-sow-button so-widget-sow-button-wire-f84d030fca41-2\"\n\t\t\t\n\t\t><div class=\"ow-button-base ow-button-align-center\"\n>\n\t\t\t<a\n\t\t\t\t\thref=\"https:\/\/jmmasociados.com\/index.php\/nosotros\/\"\n\t\t\t\t\tclass=\"sowb-button ow-icon-placement-left ow-button-hover\" \t>\n\t\t<span>\n\t\t\t\n\t\t\tMas sobre nosotros\t\t<\/span>\n\t\t\t<\/a>\n\t<\/div>\n<\/div><\/div><\/div><\/div><\/div><\/div><div id=\"pg-2-1\"  class=\"panel-grid panel-has-style\" ><div class=\"siteorigin-panels-stretch panel-row-style panel-row-style-for-2-1\" style=\"padding: 0px 0; \" data-stretch-type=\"full\" data-overlay=\"true\" data-overlay-color=\"#000000\" ><div id=\"pgc-2-1-0\"  class=\"panel-grid-cell\" ><div id=\"panel-2-1-0-0\" class=\"so-panel widget widget_sow-editor panel-first-child panel-last-child\" data-index=\"2\" ><div style=\"text-align: left;\" data-title-color=\"#443f3f\" data-headings-color=\"#443f3f\" class=\"panel-widget-style panel-widget-style-for-2-1-0-0\" ><div\n\t\t\t\n\t\t\tclass=\"so-widget-sow-editor so-widget-sow-editor-base\"\n\t\t\t\n\t\t>\n<div class=\"siteorigin-widget-tinymce textwidget\">\n\t<h1 style=\"text-align: center;\"><span style=\"color: #21282f;\">Servicios<\/span><\/h1>\n<p style=\"text-align: left;\"><strong>Asesoria Contable:<\/strong>\n\n<\/p><p><strong>*Asesoria en constituci\u00f3n de sociedades:<\/strong>\u00a0Si va a constituir una empresa, JMM &amp; Asociados le ofrece los servicios de sistema contable, manual del catalogo de cuenta y control interno, solicitud de comprobantes fiscales ante impuestos internos.\n\n<\/p><p><strong>*Asesoria en sociedades constituidas<\/strong>:\n\n<\/p><p>a) Contabilidad fuera de su oficina, consiste en desarrollar su contabilidad desde nuestra sede, evit\u00e1ndole invertir en equipos\ny software especializados, como tambi\u00e9n en salarios y carga de prestaciones, para tal fin retiramos mensualmente de su empresa los diferentes documentos contables, los procesamos y posteriormente,\nen un tiempo no mayor de una semana los devolvemos.b) Contabilidad dentro de su oficina, si su empresa requiere que los documentos contables no salgan de su sede , nosotros estamos en disposici\u00f3n de desarrollar la contabilidad desde su sede.JMM &amp; Asociados se compromete a presentar los Estados Financieros Mensuales, dentro de los 15 primeros d\u00edas.<\/p>\n<p style=\"text-align: left;\"><strong>Auditorias:<\/strong>\nOfrecemos los servicios se auditoria externa para el cumplimiento de las obligaciones fiscales. Adicionalmente evaluamos peri\u00f3dicamente la auditor\u00eda interna, financiera e integral.\n\n<\/p><p><strong>Asesoria en Impuestos<\/strong>:\n<\/p><p>Ofrecemos un estudio de planificaci\u00f3n de sus impuestos, racionalizando su pago estrictamente a lo ordenado por la ley. Elaboramos las declaraciones de :\n\n<\/p><p>*Retenciones en la fuente\n*Impuestos a las ventas y compras\n*Declaraci\u00f3n de renta.\n\n<\/p><p><strong>Asesoria Financiera:<\/strong>\nUno de los principales inconvenientes que se les presenta a las empresa es la de conseguir recursos econ\u00f3micos para cumplir sus objetivos.\nConscientes de esta situaci\u00f3n JMM &amp; Asociados ofrece los servicios de desarrollo de estudios financieros, tales como: Presupuestos, estudio de factibilidad y estudios de proyectos de inversi\u00f3n (Planes de Negocios) para ser presentado al sector financiero como soportes de las diferentes solicitudes crediticias.<\/p><\/div>\n<\/div><\/div><\/div><\/div><\/div><\/div><div id=\"pg-2-2\"  class=\"panel-grid panel-has-style\" ><div class=\"siteorigin-panels-stretch panel-row-style panel-row-style-for-2-2\" style=\"padding: 0px 0; \" data-stretch-type=\"full\" data-overlay=\"true\" data-overlay-color=\"#000000\" ><div id=\"pgc-2-2-0\"  class=\"panel-grid-cell\" ><div id=\"panel-2-2-0-0\" class=\"so-panel widget widget_sow-editor panel-first-child panel-last-child\" data-index=\"3\" ><div style=\"text-align: left;\" data-title-color=\"#443f3f\" data-headings-color=\"#443f3f\" class=\"panel-widget-style panel-widget-style-for-2-2-0-0\" ><div\n\t\t\t\n\t\t\tclass=\"so-widget-sow-editor so-widget-sow-editor-base\"\n\t\t\t\n\t\t>\n<div class=\"siteorigin-widget-tinymce textwidget\">\n\t<h1 style=\"text-align: right;\"><span style=\"color: #ffffff;\">Nos gustaria ayudarle en lo que necesita.<\/span><\/h1>\n<\/div>\n<\/div><\/div><\/div><\/div><div id=\"pgc-2-2-1\"  class=\"panel-grid-cell\" ><div id=\"panel-2-2-1-0\" class=\"so-panel widget widget_sow-button panel-first-child panel-last-child\" data-index=\"4\" ><div style=\"text-align: left;\" data-title-color=\"#443f3f\" data-headings-color=\"#443f3f\" class=\"panel-widget-style panel-widget-style-for-2-2-1-0\" ><div\n\t\t\t\n\t\t\tclass=\"so-widget-sow-button so-widget-sow-button-wire-f2cb99ebf2f6-2\"\n\t\t\t\n\t\t><div class=\"ow-button-base ow-button-align-left\"\n>\n\t\t\t<a\n\t\t\t\t\thref=\"https:\/\/jmmasociados.com\/index.php\/contactos\/\"\n\t\t\t\t\tclass=\"sowb-button ow-icon-placement-left ow-button-hover\" \t>\n\t\t<span>\n\t\t\t\n\t\t\tContactenos\t\t<\/span>\n\t\t\t<\/a>\n\t<\/div>\n<\/div><\/div><\/div><\/div><\/div><\/div><div id=\"pg-2-3\"  class=\"panel-grid panel-has-style\" ><div class=\"siteorigin-panels-stretch panel-row-style panel-row-style-for-2-3\" style=\"padding: 0px 0; \" data-stretch-type=\"full\" data-overlay=\"true\" data-overlay-color=\"#000000\" ><div id=\"pgc-2-3-0\"  class=\"panel-grid-cell\" ><div id=\"panel-2-3-0-0\" class=\"so-panel widget widget_sow-social-media-buttons panel-first-child panel-last-child\" data-index=\"5\" ><div style=\"text-align: left;\" data-title-color=\"#443f3f\" data-headings-color=\"#443f3f\" class=\"panel-widget-style panel-widget-style-for-2-3-0-0\" ><div\n\t\t\t\n\t\t\tclass=\"so-widget-sow-social-media-buttons so-widget-sow-social-media-buttons-wire-07178650b37d-2\"\n\t\t\t\n\t\t>\n\n<div class=\"social-media-button-container\">\n\t\n\t\t<a \n\t\tclass=\"sow-social-media-button-facebook-0 sow-social-media-button\" title=\"Jmm &amp; Asociados on Facebook\" aria-label=\"Jmm &amp; Asociados on Facebook\" target=\"_blank\" rel=\"noopener noreferrer\" href=\"https:\/\/www.facebook.com\/JMM-ASOCIADOS-167221026700500\/?hc_ref=ARSylNxE4UPLC8j1vMMCjLcLIMCrejBnkAFwc1JsqC9-N0VoC7Knqh8r4M2tTQ-No4U&#038;fref=nf\" \t\t>\n\t\t\t<span>\n\t\t\t\t\t\t\t\t<span class=\"sow-icon-fontawesome sow-fab\" data-sow-icon=\"&#xf39e;\"\n\t\t \n\t\taria-hidden=\"true\"><\/span>\t\t\t\t\t\t\t<\/span>\n\t\t<\/a>\n\t<\/div>\n<\/div><\/div><\/div><\/div><\/div><\/div><\/div>","protected":false},"excerpt":{"rendered":"<p>Quienes Somos MISION Somos una firma de contadores, orientada a la peque\u00f1a y media empresa y especializada en auditor\u00edas, contabilidad, impuestos, asesor\u00eda [&hellip;]<\/p>\n","protected":false},"author":3,"featured_media":0,"parent":0,"menu_order":0,"comment_status":"closed","ping_status":"open","template":"","meta":[],"_links":{"self":[{"href":"https:\/\/jmmasociados.com\/index.php\/wp-json\/wp\/v2\/pages\/2"}],"collection":[{"href":"https:\/\/jmmasociados.com\/index.php\/wp-json\/wp\/v2\/pages"}],"about":[{"href":"https:\/\/jmmasociados.com\/index.php\/wp-json\/wp\/v2\/types\/page"}],"author":[{"embeddable":true,"href":"https:\/\/jmmasociados.com\/index.php\/wp-json\/wp\/v2\/users\/3"}],"replies":[{"embeddable":true,"href":"https:\/\/jmmasociados.com\/index.php\/wp-json\/wp\/v2\/comments?post=2"}],"version-history":[{"count":22,"href":"https:\/\/jmmasociados.com\/index.php\/wp-json\/wp\/v2\/pages\/2\/revisions"}],"predecessor-version":[{"id":109,"href":"https:\/\/jmmasociados.com\/index.php\/wp-json\/wp\/v2\/pages\/2\/revisions\/109"}],"wp:attachment":[{"href":"https:\/\/jmmasociados.com\/index.php\/wp-json\/wp\/v2\/media?parent=2"}],"curies":[{"name":"wp","href":"https:\/\/api.w.org\/{rel}","templated":true}]}}